{"id":1160,"date":"2022-09-27T14:27:56","date_gmt":"2022-09-27T11:27:56","guid":{"rendered":"https:\/\/qlockeddottech.wpcomstaging.com\/?page_id=1160"},"modified":"2022-10-04T20:35:47","modified_gmt":"2022-10-04T17:35:47","slug":"consulting","status":"publish","type":"page","link":"https:\/\/qlocked.tech\/tr\/consulting\/","title":{"rendered":"Dan\u0131\u015fmanl\u0131k"},"content":{"rendered":"<div data-elementor-type=\"wp-page\" data-elementor-id=\"1160\" class=\"elementor elementor-1160\">\n\t\t\t\t\t\t<section class=\"elementor-section elementor-top-section elementor-element elementor-element-9188372 elementor-section-full_width elementor-section-height-default elementor-section-height-default\" data-id=\"9188372\" data-element_type=\"section\" data-e-type=\"section\" data-settings=\"{&quot;animation&quot;:&quot;none&quot;,&quot;background_background&quot;:&quot;classic&quot;}\">\n\t\t\t\t\t\t<div class=\"elementor-container elementor-column-gap-default\">\n\t\t\t\t\t<div class=\"elementor-column elementor-col-100 elementor-top-column elementor-element elementor-element-5543f87\" data-id=\"5543f87\" data-element_type=\"column\" data-e-type=\"column\" data-settings=\"{&quot;background_background&quot;:&quot;classic&quot;}\">\n\t\t\t<div class=\"elementor-widget-wrap elementor-element-populated\">\n\t\t\t\t\t\t<div class=\"elementor-element elementor-element-31b111e elementor-widget elementor-widget-heading\" data-id=\"31b111e\" data-element_type=\"widget\" data-e-type=\"widget\" data-widget_type=\"heading.default\">\n\t\t\t\t<div class=\"elementor-widget-container\">\n\t\t\t\t\t<h2 class=\"elementor-heading-title elementor-size-default\">Dan\u0131\u015fmanl\u0131k<\/h2>\t\t\t\t<\/div>\n\t\t\t\t<\/div>\n\t\t\t\t\t<\/div>\n\t\t<\/div>\n\t\t\t\t\t<\/div>\n\t\t<\/section>\n\t\t\t\t<section class=\"elementor-section elementor-top-section elementor-element elementor-element-514d4d9 elementor-section-boxed elementor-section-height-default elementor-section-height-default\" data-id=\"514d4d9\" data-element_type=\"section\" data-e-type=\"section\" data-settings=\"{&quot;animation&quot;:&quot;none&quot;,&quot;background_background&quot;:&quot;classic&quot;}\">\n\t\t\t\t\t\t<div class=\"elementor-container elementor-column-gap-default\">\n\t\t\t\t\t<div class=\"elementor-column elementor-col-100 elementor-top-column elementor-element elementor-element-13319ff\" data-id=\"13319ff\" data-element_type=\"column\" data-e-type=\"column\">\n\t\t\t<div class=\"elementor-widget-wrap elementor-element-populated\">\n\t\t\t\t\t\t<div class=\"elementor-element elementor-element-8d06d19 elementor-widget elementor-widget-text-editor\" data-id=\"8d06d19\" data-element_type=\"widget\" data-e-type=\"widget\" data-widget_type=\"text-editor.default\">\n\t\t\t\t<div class=\"elementor-widget-container\">\n\t\t\t\t\t\t\t\t\t<p>Besides our research and development activities to realize applications of quantum technologies, at QLocked we care to share our experience with the community. In line with this motivation, we provide research-oriented support and training programs.<\/p>\t\t\t\t\t\t\t\t<\/div>\n\t\t\t\t<\/div>\n\t\t\t\t\t<\/div>\n\t\t<\/div>\n\t\t\t\t\t<\/div>\n\t\t<\/section>\n\t\t\t\t<section class=\"elementor-section elementor-top-section elementor-element elementor-element-be2d045 elementor-section-boxed elementor-section-height-default elementor-section-height-default\" data-id=\"be2d045\" data-element_type=\"section\" data-e-type=\"section\">\n\t\t\t\t\t\t<div class=\"elementor-container elementor-column-gap-default\">\n\t\t\t\t\t<div class=\"elementor-column elementor-col-100 elementor-top-column elementor-element elementor-element-749776f\" data-id=\"749776f\" data-element_type=\"column\" data-e-type=\"column\">\n\t\t\t<div class=\"elementor-widget-wrap elementor-element-populated\">\n\t\t\t\t\t\t<div class=\"elementor-element elementor-element-20a5a7e elementor-widget elementor-widget-spacer\" data-id=\"20a5a7e\" data-element_type=\"widget\" data-e-type=\"widget\" data-widget_type=\"spacer.default\">\n\t\t\t\t<div class=\"elementor-widget-container\">\n\t\t\t\t\t\t\t<div class=\"elementor-spacer\">\n\t\t\t<div class=\"elementor-spacer-inner\"><\/div>\n\t\t<\/div>\n\t\t\t\t\t\t<\/div>\n\t\t\t\t<\/div>\n\t\t\t\t\t<\/div>\n\t\t<\/div>\n\t\t\t\t\t<\/div>\n\t\t<\/section>\n\t\t\t\t<section class=\"elementor-section elementor-top-section elementor-element elementor-element-fd8d44d elementor-section-boxed elementor-section-height-default elementor-section-height-default\" data-id=\"fd8d44d\" data-element_type=\"section\" data-e-type=\"section\" data-settings=\"{&quot;background_background&quot;:&quot;classic&quot;}\">\n\t\t\t\t\t\t<div class=\"elementor-container elementor-column-gap-default\">\n\t\t\t\t\t<div class=\"elementor-column elementor-col-50 elementor-top-column elementor-element elementor-element-e6fc0cf\" data-id=\"e6fc0cf\" data-element_type=\"column\" data-e-type=\"column\">\n\t\t\t<div class=\"elementor-widget-wrap elementor-element-populated\">\n\t\t\t\t\t\t<div class=\"elementor-element elementor-element-8d82f88 elementor-widget elementor-widget-text-editor\" data-id=\"8d82f88\" data-element_type=\"widget\" data-e-type=\"widget\" data-widget_type=\"text-editor.default\">\n\t\t\t\t<div class=\"elementor-widget-container\">\n\t\t\t\t\t\t\t\t\t<ul><li><span style=\"color: #c1252d;\">Training<\/span> and <span style=\"color: #c1252d;\">consulting<\/span> on the concepts and the status of emerging quantum technologies, i.e., quantum computation, communication, imaging, and metrology.<\/li><li><span style=\"color: #c1252d;\">Training\/hands-on experience<\/span> on quantum light emitters and their use in quantum communication systems.<\/li><li><span style=\"color: #c1252d;\">Support<\/span> for research projects with high-resolution optical spectroscopy of solid-state materials (Raman, photoluminescence and time-resolved spectroscopy) under various experimental conditions (from cryogenic to room temperature over a wide spectral window from UV to NIR).<\/li><li><span style=\"color: #c1252d;\">Design<\/span> of nano-photonic and plasmonic devices for enhanced light-matter interaction, paving the way of real-world applications of quantum emitters in various quantum technologies.<\/li><\/ul>\t\t\t\t\t\t\t\t<\/div>\n\t\t\t\t<\/div>\n\t\t\t\t\t<\/div>\n\t\t<\/div>\n\t\t\t\t<div class=\"elementor-column elementor-col-50 elementor-top-column elementor-element elementor-element-150fd01\" data-id=\"150fd01\" data-element_type=\"column\" data-e-type=\"column\" data-settings=\"{&quot;background_background&quot;:&quot;classic&quot;}\">\n\t\t\t<div class=\"elementor-widget-wrap elementor-element-populated\">\n\t\t\t\t\t\t<div class=\"elementor-element elementor-element-c058d45 elementor-widget elementor-widget-image\" data-id=\"c058d45\" data-element_type=\"widget\" data-e-type=\"widget\" data-widget_type=\"image.default\">\n\t\t\t\t<div class=\"elementor-widget-container\">\n\t\t\t\t\t\t\t\t\t\t\t\t\t\t\t<img fetchpriority=\"high\" decoding=\"async\" data-attachment-id=\"2309\" data-permalink=\"https:\/\/qlocked.tech\/tr\/consulting\/setup-board-v2\/\" data-orig-file=\"https:\/\/i0.wp.com\/qlocked.tech\/wp-content\/uploads\/2022\/10\/setup-board-v2.jpeg?fit=4008%2C2349&amp;ssl=1\" data-orig-size=\"4008,2349\" data-comments-opened=\"1\" data-image-meta=\"{&quot;aperture&quot;:&quot;1.8&quot;,&quot;credit&quot;:&quot;&quot;,&quot;camera&quot;:&quot;iPhone 7 Plus&quot;,&quot;caption&quot;:&quot;&quot;,&quot;created_timestamp&quot;:&quot;1528813233&quot;,&quot;copyright&quot;:&quot;&quot;,&quot;focal_length&quot;:&quot;3.99&quot;,&quot;iso&quot;:&quot;1600&quot;,&quot;shutter_speed&quot;:&quot;0.25&quot;,&quot;title&quot;:&quot;&quot;,&quot;orientation&quot;:&quot;1&quot;}\" data-image-title=\"setup-board v2\" data-image-description=\"\" data-image-caption=\"\" data-medium-file=\"https:\/\/i0.wp.com\/qlocked.tech\/wp-content\/uploads\/2022\/10\/setup-board-v2.jpeg?fit=300%2C176&amp;ssl=1\" data-large-file=\"https:\/\/i0.wp.com\/qlocked.tech\/wp-content\/uploads\/2022\/10\/setup-board-v2.jpeg?fit=1024%2C600&amp;ssl=1\" width=\"1024\" height=\"600\" src=\"https:\/\/i0.wp.com\/qlocked.tech\/wp-content\/uploads\/2022\/10\/setup-board-v2.jpeg?fit=1024%2C600&amp;ssl=1\" class=\"attachment-large size-large wp-image-2309\" alt=\"\" srcset=\"https:\/\/i0.wp.com\/qlocked.tech\/wp-content\/uploads\/2022\/10\/setup-board-v2.jpeg?w=4008&amp;ssl=1 4008w, https:\/\/i0.wp.com\/qlocked.tech\/wp-content\/uploads\/2022\/10\/setup-board-v2.jpeg?resize=300%2C176&amp;ssl=1 300w, https:\/\/i0.wp.com\/qlocked.tech\/wp-content\/uploads\/2022\/10\/setup-board-v2.jpeg?resize=1024%2C600&amp;ssl=1 1024w, https:\/\/i0.wp.com\/qlocked.tech\/wp-content\/uploads\/2022\/10\/setup-board-v2.jpeg?resize=768%2C450&amp;ssl=1 768w, https:\/\/i0.wp.com\/qlocked.tech\/wp-content\/uploads\/2022\/10\/setup-board-v2.jpeg?resize=1536%2C900&amp;ssl=1 1536w, https:\/\/i0.wp.com\/qlocked.tech\/wp-content\/uploads\/2022\/10\/setup-board-v2.jpeg?resize=2048%2C1200&amp;ssl=1 2048w, https:\/\/i0.wp.com\/qlocked.tech\/wp-content\/uploads\/2022\/10\/setup-board-v2.jpeg?resize=18%2C12&amp;ssl=1 18w, https:\/\/i0.wp.com\/qlocked.tech\/wp-content\/uploads\/2022\/10\/setup-board-v2.jpeg?resize=1200%2C703&amp;ssl=1 1200w, https:\/\/i0.wp.com\/qlocked.tech\/wp-content\/uploads\/2022\/10\/setup-board-v2.jpeg?w=2400&amp;ssl=1 2400w, https:\/\/i0.wp.com\/qlocked.tech\/wp-content\/uploads\/2022\/10\/setup-board-v2.jpeg?w=3600&amp;ssl=1 3600w\" sizes=\"(max-width: 1024px) 100vw, 1024px\" \/>\t\t\t\t\t\t\t\t\t\t\t\t\t\t\t<\/div>\n\t\t\t\t<\/div>\n\t\t\t\t\t<\/div>\n\t\t<\/div>\n\t\t\t\t\t<\/div>\n\t\t<\/section>\n\t\t\t\t<section class=\"elementor-section elementor-top-section elementor-element elementor-element-5de6d4e elementor-section-boxed elementor-section-height-default elementor-section-height-default\" data-id=\"5de6d4e\" data-element_type=\"section\" data-e-type=\"section\">\n\t\t\t\t\t\t<div class=\"elementor-container elementor-column-gap-default\">\n\t\t\t\t\t<div class=\"elementor-column elementor-col-100 elementor-top-column elementor-element elementor-element-2fe952a\" data-id=\"2fe952a\" data-element_type=\"column\" data-e-type=\"column\">\n\t\t\t<div class=\"elementor-widget-wrap elementor-element-populated\">\n\t\t\t\t\t\t<div class=\"elementor-element elementor-element-5646638 elementor-widget elementor-widget-spacer\" data-id=\"5646638\" data-element_type=\"widget\" data-e-type=\"widget\" data-widget_type=\"spacer.default\">\n\t\t\t\t<div class=\"elementor-widget-container\">\n\t\t\t\t\t\t\t<div class=\"elementor-spacer\">\n\t\t\t<div class=\"elementor-spacer-inner\"><\/div>\n\t\t<\/div>\n\t\t\t\t\t\t<\/div>\n\t\t\t\t<\/div>\n\t\t\t\t\t<\/div>\n\t\t<\/div>\n\t\t\t\t\t<\/div>\n\t\t<\/section>\n\t\t\t\t<section class=\"elementor-section elementor-top-section elementor-element elementor-element-5b6a2b5 elementor-section-boxed elementor-section-height-default elementor-section-height-default\" data-id=\"5b6a2b5\" data-element_type=\"section\" data-e-type=\"section\" data-settings=\"{&quot;background_background&quot;:&quot;classic&quot;}\">\n\t\t\t\t\t\t<div class=\"elementor-container elementor-column-gap-default\">\n\t\t\t\t\t<div class=\"elementor-column elementor-col-100 elementor-top-column elementor-element elementor-element-8bbda01\" data-id=\"8bbda01\" data-element_type=\"column\" data-e-type=\"column\">\n\t\t\t<div class=\"elementor-widget-wrap elementor-element-populated\">\n\t\t\t\t\t\t<div class=\"elementor-element elementor-element-546a8ef elementor-widget elementor-widget-copyright\" data-id=\"546a8ef\" data-element_type=\"widget\" data-e-type=\"widget\" data-settings=\"{&quot;align&quot;:&quot;center&quot;}\" data-widget_type=\"copyright.default\">\n\t\t\t\t<div class=\"elementor-widget-container\">\n\t\t\t\t\t\t\t<div class=\"hfe-copyright-wrapper\">\n\t\t\t\t\t\t\t<a href=\"http:\/\/qlocked.tech\/tr\/\">\n\t\t\t\t\t<span>Copyright \u00a9 2026 QLocked<\/span>\n\t\t\t\t<\/a>\n\t\t\t\t\t<\/div>\n\t\t\t\t\t\t<\/div>\n\t\t\t\t<\/div>\n\t\t\t\t\t<\/div>\n\t\t<\/div>\n\t\t\t\t\t<\/div>\n\t\t<\/section>\n\t\t\t\t<\/div>","protected":false},"excerpt":{"rendered":"<p>Consulting Besides our research and development activities to realize applications of quantum technologies, at QLocked we care to share our experience with the community. In line with this motivation, we provide research-oriented support and training programs. Training and consulting on the concepts and the status of emerging quantum technologies, i.e., quantum computation, communication, imaging, and [&hellip;]<\/p>\n","protected":false},"author":226325768,"featured_media":0,"parent":0,"menu_order":0,"comment_status":"closed","ping_status":"closed","template":"","meta":{"_crdt_document":"","_monsterinsights_skip_tracking":false,"_monsterinsights_sitenote_active":false,"_monsterinsights_sitenote_note":"","_monsterinsights_sitenote_category":0,"site-sidebar-layout":"no-sidebar","site-content-layout":"page-builder","ast-site-content-layout":"","site-content-style":"default","site-sidebar-style":"default","ast-global-header-display":"","ast-banner-title-visibility":"","ast-main-header-display":"","ast-hfb-above-header-display":"","ast-hfb-below-header-display":"","ast-hfb-mobile-header-display":"","site-post-title":"disabled","ast-breadcrumbs-content":"","ast-featured-img":"disabled","footer-sml-layout":"","theme-transparent-header-meta":"","adv-header-id-meta":"","stick-header-meta":"","header-above-stick-meta":"","header-main-stick-meta":"","header-below-stick-meta":"","astra-migrate-meta-layouts":"default","ast-page-background-enabled":"default","ast-page-background-meta":{"desktop":{"background-color":"var(--ast-global-color-4)","background-image":"","background-repeat":"repeat","background-position":"center center","background-size":"auto","background-attachment":"scroll","background-type":"","background-media":"","overlay-type":"","overlay-color":"","overlay-gradient":""},"tablet":{"background-color":"","background-image":"","background-repeat":"repeat","background-position":"center center","background-size":"auto","background-attachment":"scroll","background-type":"","background-media":"","overlay-type":"","overlay-color":"","overlay-gradient":""},"mobile":{"background-color":"","background-image":"","background-repeat":"repeat","background-position":"center center","background-size":"auto","background-attachment":"scroll","background-type":"","background-media":"","overlay-type":"","overlay-color":"","overlay-gradient":""}},"ast-content-background-meta":{"desktop":{"background-color":"var(--ast-global-color-5)","background-image":"","background-repeat":"repeat","background-position":"center center","background-size":"auto","background-attachment":"scroll","background-type":"","background-media":"","overlay-type":"","overlay-color":"","overlay-gradient":""},"tablet":{"background-color":"var(--ast-global-color-5)","background-image":"","background-repeat":"repeat","background-position":"center center","background-size":"auto","background-attachment":"scroll","background-type":"","background-media":"","overlay-type":"","overlay-color":"","overlay-gradient":""},"mobile":{"background-color":"var(--ast-global-color-5)","background-image":"","background-repeat":"repeat","background-position":"center center","background-size":"auto","background-attachment":"scroll","background-type":"","background-media":"","overlay-type":"","overlay-color":"","overlay-gradient":""}},"advanced_seo_description":"","jetpack_seo_html_title":"","jetpack_seo_noindex":false,"jetpack_post_was_ever_published":false,"footnotes":""},"class_list":["post-1160","page","type-page","status-publish","hentry"],"jetpack_likes_enabled":true,"jetpack_sharing_enabled":true,"jetpack_shortlink":"https:\/\/wp.me\/PegyC9-iI","jetpack-related-posts":[],"_links":{"self":[{"href":"https:\/\/qlocked.tech\/tr\/wp-json\/wp\/v2\/pages\/1160","targetHints":{"allow":["GET"]}}],"collection":[{"href":"https:\/\/qlocked.tech\/tr\/wp-json\/wp\/v2\/pages"}],"about":[{"href":"https:\/\/qlocked.tech\/tr\/wp-json\/wp\/v2\/types\/page"}],"author":[{"embeddable":true,"href":"https:\/\/qlocked.tech\/tr\/wp-json\/wp\/v2\/users\/226325768"}],"replies":[{"embeddable":true,"href":"https:\/\/qlocked.tech\/tr\/wp-json\/wp\/v2\/comments?post=1160"}],"version-history":[{"count":100,"href":"https:\/\/qlocked.tech\/tr\/wp-json\/wp\/v2\/pages\/1160\/revisions"}],"predecessor-version":[{"id":2890,"href":"https:\/\/qlocked.tech\/tr\/wp-json\/wp\/v2\/pages\/1160\/revisions\/2890"}],"wp:attachment":[{"href":"https:\/\/qlocked.tech\/tr\/wp-json\/wp\/v2\/media?parent=1160"}],"curies":[{"name":"wp","href":"https:\/\/api.w.org\/{rel}","templated":true}]}}